{"id":34668,"date":"2024-02-12T15:52:32","date_gmt":"2024-02-12T14:52:32","guid":{"rendered":"https:\/\/www2.bioracer.com\/individual\/"},"modified":"2025-08-21T13:55:10","modified_gmt":"2025-08-21T11:55:10","slug":"individual","status":"publish","type":"page","link":"https:\/\/www2.bioracer.com\/cs\/individual\/","title":{"rendered":"Individual"},"content":{"rendered":"\n<div class=\"wp-block-getwid-section alignfull has-inner-blocks-gap-none getwid-section-content-full-width\" style=\"margin-top:-75px\"><div class=\"wp-block-getwid-section__wrapper getwid-padding-top-none\" style=\"min-height:300px\"><div class=\"wp-block-getwid-section__inner-wrapper\"><div class=\"wp-block-getwid-section__background-holder\"><div class=\"wp-block-getwid-section__background\" style=\"background-image:url('https:\/\/www2.bioracer.com\/wp-content\/uploads\/2024\/02\/individual-measurements.jpg')\"><div class=\"wp-block-getwid-section__background-image-wrapper\"><img decoding=\"async\" class=\"wp-block-getwid-section__background-image\" src=\"https:\/\/www2.bioracer.com\/wp-content\/uploads\/2024\/02\/individual-measurements.jpg\" alt=\"individual measurements cycling\"\/><\/div><\/div><div class=\"wp-block-getwid-section__foreground\"><\/div><\/div><div class=\"wp-block-getwid-section__content\"><div class=\"wp-block-getwid-section__inner-content\"><\/div><\/div><\/div><\/div><\/div>\n\n\n\n<div class=\"wp-block-getwid-section alignfull alignfull\"><div class=\"wp-block-getwid-section__wrapper\"><div class=\"wp-block-getwid-section__inner-wrapper\"><div class=\"wp-block-getwid-section__background-holder\"><div class=\"wp-block-getwid-section__background\"><\/div><div class=\"wp-block-getwid-section__foreground\"><\/div><\/div><div class=\"wp-block-getwid-section__content\"><div class=\"wp-block-getwid-section__inner-content\">\n<h2 class=\"wp-block-heading\" id=\"h-not-one-product-an-entire-service\" style=\"text-transform:uppercase\">Not one product, an entire service<\/h2>\n\n\n\n<p>Individual is not a product, it&#8217;s not even a product line. Individual is an entire service that evolves around putting the best people at Bioracer around you to make you faster.<\/p>\n\n\n\n<p>Together with our product designers we develop a completely customized skinsuit, based on your sizes and you requirements in terms of speed, discipline, and climatological circumstances of the events you are going to participate in.<\/p>\n\n\n\n<p>Together with our Bioracer Motion colleagues we assess your cycling position and pedaling symmetry, to improve efficiency, aerodynamics, comfort and to prevent injuries.<\/p>\n<\/div><\/div><\/div><\/div><\/div>\n\n\n\n<div class=\"wp-block-getwid-section alignfull alignfull\"><div class=\"wp-block-getwid-section__wrapper\"><div class=\"wp-block-getwid-section__inner-wrapper\"><div class=\"wp-block-getwid-section__background-holder\"><div class=\"wp-block-getwid-section__background\"><\/div><div class=\"wp-block-getwid-section__foreground\"><\/div><\/div><div class=\"wp-block-getwid-section__content\"><div class=\"wp-block-getwid-section__inner-content\">\n<div class=\"wp-block-columns is-layout-flex wp-container-core-columns-is-layout-28f84493 wp-block-columns-is-layout-flex\">\n<div class=\"wp-block-column is-layout-flow wp-block-column-is-layout-flow\">\n<figure class=\"wp-block-image size-full\"><img loading=\"lazy\" decoding=\"async\" width=\"600\" height=\"400\" src=\"https:\/\/www2.bioracer.com\/wp-content\/uploads\/2024\/02\/remco-speedsuit.jpg\" alt=\"remco speedsuit\" class=\"wp-image-33929\" srcset=\"https:\/\/www2.bioracer.com\/wp-content\/uploads\/2024\/02\/remco-speedsuit.jpg 600w, https:\/\/www2.bioracer.com\/wp-content\/uploads\/2024\/02\/remco-speedsuit-300x200.jpg 300w\" sizes=\"auto, (max-width: 600px) 100vw, 600px\" \/><\/figure>\n<\/div>\n\n\n\n<div class=\"wp-block-column is-vertically-aligned-center is-layout-flow wp-block-column-is-layout-flow\">\n<h2 class=\"wp-block-heading\" id=\"h-speedsuits\" style=\"text-transform:uppercase\">Speedsuits<\/h2>\n\n\n\n<p>Our research in the optimization of an aerodynamic cycling position has shown the importance of fitting clothing to achieve minimum air restriction. Our speedwear is custom made based on your measurements. This is done for demanding time trial racers as well as triathletes. As your suit has flatter seams, optimal construction and proper fabric choice, you will be faster. Because of this, we have contributed to 600+ medals so far during the Olympic Games and World Championships.<\/p>\n\n\n\n<div class=\"wp-block-buttons is-layout-flex wp-block-buttons-is-layout-flex\">\n<div class=\"wp-block-button is-style-fill\"><a class=\"wp-block-button__link has-palette-color-2-background-color has-background wp-element-button\" href=\"https:\/\/www2.bioracer.com\/cs\/individual\/order-process\/\" style=\"border-radius:10px\">How to order<\/a><\/div>\n<\/div>\n<\/div>\n<\/div>\n<\/div><\/div><\/div><\/div><\/div>\n\n\n\n<div class=\"wp-block-getwid-section alignfull alignfull\"><div class=\"wp-block-getwid-section__wrapper\"><div class=\"wp-block-getwid-section__inner-wrapper\"><div class=\"wp-block-getwid-section__background-holder\"><div class=\"wp-block-getwid-section__background\"><\/div><div class=\"wp-block-getwid-section__foreground\"><\/div><\/div><div class=\"wp-block-getwid-section__content\"><div class=\"wp-block-getwid-section__inner-content\">\n<div class=\"wp-block-columns is-layout-flex wp-container-core-columns-is-layout-28f84493 wp-block-columns-is-layout-flex\">\n<div class=\"wp-block-column is-layout-flow wp-block-column-is-layout-flow\">\n<figure class=\"wp-block-image size-full\"><img loading=\"lazy\" decoding=\"async\" width=\"600\" height=\"400\" src=\"https:\/\/www2.bioracer.com\/wp-content\/uploads\/2024\/02\/remco-sizing.jpg\" alt=\"remco sizing\" class=\"wp-image-33927\" srcset=\"https:\/\/www2.bioracer.com\/wp-content\/uploads\/2024\/02\/remco-sizing.jpg 600w, https:\/\/www2.bioracer.com\/wp-content\/uploads\/2024\/02\/remco-sizing-300x200.jpg 300w\" sizes=\"auto, (max-width: 600px) 100vw, 600px\" \/><\/figure>\n<\/div>\n\n\n\n<div class=\"wp-block-column is-vertically-aligned-center is-layout-flow wp-block-column-is-layout-flow\">\n<h2 class=\"wp-block-heading\" id=\"h-sizing-advice\" style=\"text-transform:uppercase\">Sizing advice<\/h2>\n\n\n\n<p>A bike size guide is the basic measurement and is specifically used for determining the correct size of bike. Using our measuring equipment, the total length, bicycle inseam, length of backside, shoulder width, arm length, and foot length are measured.<\/p>\n<\/div>\n<\/div>\n<\/div><\/div><\/div><\/div><\/div>\n\n\n\n<div class=\"wp-block-getwid-section alignfull alignfull\"><div class=\"wp-block-getwid-section__wrapper\"><div class=\"wp-block-getwid-section__inner-wrapper\"><div class=\"wp-block-getwid-section__background-holder\"><div class=\"wp-block-getwid-section__background\"><\/div><div class=\"wp-block-getwid-section__foreground\"><\/div><\/div><div class=\"wp-block-getwid-section__content\"><div class=\"wp-block-getwid-section__inner-content\">\n<div class=\"wp-block-columns is-layout-flex wp-container-core-columns-is-layout-28f84493 wp-block-columns-is-layout-flex\">\n<div class=\"wp-block-column is-layout-flow wp-block-column-is-layout-flow\">\n<figure class=\"wp-block-image size-full\"><img loading=\"lazy\" decoding=\"async\" width=\"600\" height=\"400\" src=\"https:\/\/www2.bioracer.com\/wp-content\/uploads\/2024\/02\/remco-insoles.jpg\" alt=\"remco insoles\" class=\"wp-image-33923\" srcset=\"https:\/\/www2.bioracer.com\/wp-content\/uploads\/2024\/02\/remco-insoles.jpg 600w, https:\/\/www2.bioracer.com\/wp-content\/uploads\/2024\/02\/remco-insoles-300x200.jpg 300w\" sizes=\"auto, (max-width: 600px) 100vw, 600px\" \/><\/figure>\n<\/div>\n\n\n\n<div class=\"wp-block-column is-vertically-aligned-center is-layout-flow wp-block-column-is-layout-flow\">\n<h2 class=\"wp-block-heading\" id=\"h-custom-insoles\" style=\"text-transform:uppercase\">Custom insoles<\/h2>\n\n\n\n<p>During the dynamic motion analysis, many cyclists show a significant deviation in the symmetry of their movement. This problem can be almost completely rectified by custom-made insoles. These custom-made insoles are refined based on the test results of the dynamic motion analysis. The price of the insoles is 95\u20ac.<\/p>\n\n\n\n<div class=\"wp-block-buttons is-layout-flex wp-block-buttons-is-layout-flex\">\n<div class=\"wp-block-button is-style-fill\"><a class=\"wp-block-button__link has-palette-color-2-background-color has-background wp-element-button\" href=\"mailto:hello@bioracer.com\" style=\"border-radius:10px\" target=\"_blank\" rel=\"noreferrer noopener\"><strong>Contact us<\/strong><\/a><\/div>\n<\/div>\n<\/div>\n<\/div>\n<\/div><\/div><\/div><\/div><\/div>\n\n\n\n<div class=\"wp-block-getwid-section alignfull alignfull\"><div class=\"wp-block-getwid-section__wrapper\"><div class=\"wp-block-getwid-section__inner-wrapper\"><div class=\"wp-block-getwid-section__background-holder\"><div class=\"wp-block-getwid-section__background\"><\/div><div class=\"wp-block-getwid-section__foreground\"><\/div><\/div><div class=\"wp-block-getwid-section__content\"><div class=\"wp-block-getwid-section__inner-content\">\n<div class=\"wp-block-columns is-layout-flex wp-container-core-columns-is-layout-28f84493 wp-block-columns-is-layout-flex\">\n<div class=\"wp-block-column is-layout-flow wp-block-column-is-layout-flow\">\n<figure class=\"wp-block-image size-full\"><img loading=\"lazy\" decoding=\"async\" width=\"600\" height=\"400\" src=\"https:\/\/www2.bioracer.com\/wp-content\/uploads\/2024\/02\/remco-motion-analysis.jpg\" alt=\"remco motion analysis\" class=\"wp-image-33925\" srcset=\"https:\/\/www2.bioracer.com\/wp-content\/uploads\/2024\/02\/remco-motion-analysis.jpg 600w, https:\/\/www2.bioracer.com\/wp-content\/uploads\/2024\/02\/remco-motion-analysis-300x200.jpg 300w\" sizes=\"auto, (max-width: 600px) 100vw, 600px\" \/><\/figure>\n<\/div>\n\n\n\n<div class=\"wp-block-column is-vertically-aligned-center is-layout-flow wp-block-column-is-layout-flow\">\n<h2 class=\"wp-block-heading\" id=\"h-dynamic-motion-analysis\" style=\"text-transform:uppercase\">Dynamic motion analysis<\/h2>\n\n\n\n<p>Bioracer Motion provides a unique insight in one\u2019s cycling movement, symmetry and stability. These insights are a prerequisite to create the perfect cycling movement, reach maximum performance and reduce injury.<\/p>\n\n\n\n<p>Bioracer Motion Analysis is organized within the headquarters of Bioracer and in certified cycling centers. An appointment can be made <a href=\"mailto:info@bioracermotion.com\" class=\"ek-link\">here<\/a><\/p>\n<\/div>\n<\/div>\n<\/div><\/div><\/div><\/div><\/div>\n\n\n\n<div class=\"wp-block-getwid-section alignfull alignfull\"><div class=\"wp-block-getwid-section__wrapper\"><div class=\"wp-block-getwid-section__inner-wrapper\"><div class=\"wp-block-getwid-section__background-holder\"><div class=\"wp-block-getwid-section__background\"><\/div><div class=\"wp-block-getwid-section__foreground\"><\/div><\/div><div class=\"wp-block-getwid-section__content\"><div class=\"wp-block-getwid-section__inner-content\">\n<div class=\"wp-block-columns is-layout-flex wp-container-core-columns-is-layout-28f84493 wp-block-columns-is-layout-flex\">\n<div class=\"wp-block-column is-layout-flow wp-block-column-is-layout-flow\">\n<figure class=\"wp-block-image size-full\"><img loading=\"lazy\" decoding=\"async\" width=\"600\" height=\"400\" src=\"https:\/\/www2.bioracer.com\/wp-content\/uploads\/2024\/02\/cycling-pad-bioracer.jpg\" alt=\"cycling pad bioracer\" class=\"wp-image-33919\" srcset=\"https:\/\/www2.bioracer.com\/wp-content\/uploads\/2024\/02\/cycling-pad-bioracer.jpg 600w, https:\/\/www2.bioracer.com\/wp-content\/uploads\/2024\/02\/cycling-pad-bioracer-300x200.jpg 300w\" sizes=\"auto, (max-width: 600px) 100vw, 600px\" \/><\/figure>\n<\/div>\n\n\n\n<div class=\"wp-block-column is-vertically-aligned-center is-layout-flow wp-block-column-is-layout-flow\">\n<h2 class=\"wp-block-heading\" id=\"h-saddle-pressure-measurement\" style=\"text-transform:uppercase\">Saddle pressure measurement<\/h2>\n\n\n\n<p>Based on saddle pressure measurement, we can see where the most pressure is brought to bear during cycling on the saddle.<\/p>\n\n\n\n<p>Based on this information, one can recommend the correct saddle for the rider and especially the right padding. This makes the choice of the correct padding easier.<\/p>\n\n\n\n<div class=\"wp-block-buttons is-layout-flex wp-block-buttons-is-layout-flex\">\n<div class=\"wp-block-button is-style-fill\"><a class=\"wp-block-button__link has-palette-color-2-background-color has-background wp-element-button\" href=\"mailto:info@bioracermotion.com\" style=\"border-radius:10px\" target=\"_blank\" rel=\"noreferrer noopener\"><strong>Contact us<\/strong><\/a><\/div>\n<\/div>\n<\/div>\n<\/div>\n<\/div><\/div><\/div><\/div><\/div>\n","protected":false},"excerpt":{"rendered":"","protected":false},"author":2,"featured_media":0,"parent":0,"menu_order":0,"comment_status":"closed","ping_status":"closed","template":"","meta":{"_editorskit_title_hidden":false,"_editorskit_reading_time":0,"_editorskit_is_block_options_detached":false,"_editorskit_block_options_position":"{}","content-type":"","footnotes":""},"class_list":["post-34668","page","type-page","status-publish","hentry"],"blocksy_meta":[],"yoast_head":"<!-- This site is optimized with the Yoast SEO Premium plugin v20.8 (Yoast SEO v26.3) - https:\/\/yoast.com\/wordpress\/plugins\/seo\/ -->\n<title>Individual | Bioracer<\/title>\n<meta name=\"robots\" content=\"index, follow, max-snippet:-1, max-image-preview:large, max-video-preview:-1\" \/>\n<link rel=\"canonical\" href=\"https:\/\/www2.bioracer.com\/cs\/individual\/\" \/>\n<meta property=\"og:locale\" content=\"cs_CZ\" \/>\n<meta property=\"og:type\" content=\"article\" \/>\n<meta property=\"og:title\" content=\"Individual\" \/>\n<meta property=\"og:url\" content=\"https:\/\/www2.bioracer.com\/cs\/individual\/\" \/>\n<meta property=\"og:site_name\" content=\"Bioracer\" \/>\n<meta property=\"article:publisher\" content=\"https:\/\/facebook.com\/bioracerspeedwear\/\" \/>\n<meta property=\"article:modified_time\" content=\"2025-08-21T11:55:10+00:00\" \/>\n<meta property=\"og:image\" content=\"https:\/\/www2.bioracer.com\/wp-content\/uploads\/2024\/02\/individual-measurements.jpg\" \/>\n<meta name=\"twitter:card\" content=\"summary_large_image\" \/>\n<meta name=\"twitter:site\" content=\"@bioracer\" \/>\n<meta name=\"twitter:label1\" content=\"Odhadovan\u00e1 doba \u010dten\u00ed\" \/>\n\t<meta name=\"twitter:data1\" content=\"2 minuty\" \/>\n<script type=\"application\/ld+json\" class=\"yoast-schema-graph\">{\"@context\":\"https:\/\/schema.org\",\"@graph\":[{\"@type\":\"WebPage\",\"@id\":\"https:\/\/www2.bioracer.com\/cs\/individual\/\",\"url\":\"https:\/\/www2.bioracer.com\/cs\/individual\/\",\"name\":\"Individual | Bioracer\",\"isPartOf\":{\"@id\":\"https:\/\/www2.bioracer.com\/cs\/#website\"},\"primaryImageOfPage\":{\"@id\":\"https:\/\/www2.bioracer.com\/cs\/individual\/#primaryimage\"},\"image\":{\"@id\":\"https:\/\/www2.bioracer.com\/cs\/individual\/#primaryimage\"},\"thumbnailUrl\":\"https:\/\/www2.bioracer.com\/wp-content\/uploads\/2024\/02\/individual-measurements.jpg\",\"datePublished\":\"2024-02-12T14:52:32+00:00\",\"dateModified\":\"2025-08-21T11:55:10+00:00\",\"breadcrumb\":{\"@id\":\"https:\/\/www2.bioracer.com\/cs\/individual\/#breadcrumb\"},\"inLanguage\":\"cs\",\"potentialAction\":[{\"@type\":\"ReadAction\",\"target\":[\"https:\/\/www2.bioracer.com\/cs\/individual\/\"]}]},{\"@type\":\"ImageObject\",\"inLanguage\":\"cs\",\"@id\":\"https:\/\/www2.bioracer.com\/cs\/individual\/#primaryimage\",\"url\":\"https:\/\/www2.bioracer.com\/wp-content\/uploads\/2024\/02\/individual-measurements.jpg\",\"contentUrl\":\"https:\/\/www2.bioracer.com\/wp-content\/uploads\/2024\/02\/individual-measurements.jpg\"},{\"@type\":\"BreadcrumbList\",\"@id\":\"https:\/\/www2.bioracer.com\/cs\/individual\/#breadcrumb\",\"itemListElement\":[{\"@type\":\"ListItem\",\"position\":1,\"name\":\"Home\",\"item\":\"https:\/\/www2.bioracer.com\/cs\/\"},{\"@type\":\"ListItem\",\"position\":2,\"name\":\"Individual\"}]},{\"@type\":\"WebSite\",\"@id\":\"https:\/\/www2.bioracer.com\/cs\/#website\",\"url\":\"https:\/\/www2.bioracer.com\/cs\/\",\"name\":\"Bioracer Official Store\",\"description\":\"Bioracer Custom Bike Clothing &amp; Accessories\",\"alternateName\":\"Bioracer Store\",\"potentialAction\":[{\"@type\":\"SearchAction\",\"target\":{\"@type\":\"EntryPoint\",\"urlTemplate\":\"https:\/\/www2.bioracer.com\/cs\/?s={search_term_string}\"},\"query-input\":{\"@type\":\"PropertyValueSpecification\",\"valueRequired\":true,\"valueName\":\"search_term_string\"}}],\"inLanguage\":\"cs\"}]}<\/script>\n<!-- \/ Yoast SEO Premium plugin. -->","yoast_head_json":{"title":"Individual | Bioracer","robots":{"index":"index","follow":"follow","max-snippet":"max-snippet:-1","max-image-preview":"max-image-preview:large","max-video-preview":"max-video-preview:-1"},"canonical":"https:\/\/www2.bioracer.com\/cs\/individual\/","og_locale":"cs_CZ","og_type":"article","og_title":"Individual","og_url":"https:\/\/www2.bioracer.com\/cs\/individual\/","og_site_name":"Bioracer","article_publisher":"https:\/\/facebook.com\/bioracerspeedwear\/","article_modified_time":"2025-08-21T11:55:10+00:00","og_image":[{"url":"https:\/\/www2.bioracer.com\/wp-content\/uploads\/2024\/02\/individual-measurements.jpg","type":"","width":"","height":""}],"twitter_card":"summary_large_image","twitter_site":"@bioracer","twitter_misc":{"Odhadovan\u00e1 doba \u010dten\u00ed":"2 minuty"},"schema":{"@context":"https:\/\/schema.org","@graph":[{"@type":"WebPage","@id":"https:\/\/www2.bioracer.com\/cs\/individual\/","url":"https:\/\/www2.bioracer.com\/cs\/individual\/","name":"Individual | Bioracer","isPartOf":{"@id":"https:\/\/www2.bioracer.com\/cs\/#website"},"primaryImageOfPage":{"@id":"https:\/\/www2.bioracer.com\/cs\/individual\/#primaryimage"},"image":{"@id":"https:\/\/www2.bioracer.com\/cs\/individual\/#primaryimage"},"thumbnailUrl":"https:\/\/www2.bioracer.com\/wp-content\/uploads\/2024\/02\/individual-measurements.jpg","datePublished":"2024-02-12T14:52:32+00:00","dateModified":"2025-08-21T11:55:10+00:00","breadcrumb":{"@id":"https:\/\/www2.bioracer.com\/cs\/individual\/#breadcrumb"},"inLanguage":"cs","potentialAction":[{"@type":"ReadAction","target":["https:\/\/www2.bioracer.com\/cs\/individual\/"]}]},{"@type":"ImageObject","inLanguage":"cs","@id":"https:\/\/www2.bioracer.com\/cs\/individual\/#primaryimage","url":"https:\/\/www2.bioracer.com\/wp-content\/uploads\/2024\/02\/individual-measurements.jpg","contentUrl":"https:\/\/www2.bioracer.com\/wp-content\/uploads\/2024\/02\/individual-measurements.jpg"},{"@type":"BreadcrumbList","@id":"https:\/\/www2.bioracer.com\/cs\/individual\/#breadcrumb","itemListElement":[{"@type":"ListItem","position":1,"name":"Home","item":"https:\/\/www2.bioracer.com\/cs\/"},{"@type":"ListItem","position":2,"name":"Individual"}]},{"@type":"WebSite","@id":"https:\/\/www2.bioracer.com\/cs\/#website","url":"https:\/\/www2.bioracer.com\/cs\/","name":"Bioracer Official Store","description":"Bioracer Custom Bike Clothing &amp; Accessories","alternateName":"Bioracer Store","potentialAction":[{"@type":"SearchAction","target":{"@type":"EntryPoint","urlTemplate":"https:\/\/www2.bioracer.com\/cs\/?s={search_term_string}"},"query-input":{"@type":"PropertyValueSpecification","valueRequired":true,"valueName":"search_term_string"}}],"inLanguage":"cs"}]}},"_links":{"self":[{"href":"https:\/\/www2.bioracer.com\/cs\/wp-json\/wp\/v2\/pages\/34668","targetHints":{"allow":["GET"]}}],"collection":[{"href":"https:\/\/www2.bioracer.com\/cs\/wp-json\/wp\/v2\/pages"}],"about":[{"href":"https:\/\/www2.bioracer.com\/cs\/wp-json\/wp\/v2\/types\/page"}],"author":[{"embeddable":true,"href":"https:\/\/www2.bioracer.com\/cs\/wp-json\/wp\/v2\/users\/2"}],"replies":[{"embeddable":true,"href":"https:\/\/www2.bioracer.com\/cs\/wp-json\/wp\/v2\/comments?post=34668"}],"version-history":[{"count":3,"href":"https:\/\/www2.bioracer.com\/cs\/wp-json\/wp\/v2\/pages\/34668\/revisions"}],"predecessor-version":[{"id":36861,"href":"https:\/\/www2.bioracer.com\/cs\/wp-json\/wp\/v2\/pages\/34668\/revisions\/36861"}],"wp:attachment":[{"href":"https:\/\/www2.bioracer.com\/cs\/wp-json\/wp\/v2\/media?parent=34668"}],"curies":[{"name":"wp","href":"https:\/\/api.w.org\/{rel}","templated":true}]}}