{"id":35044,"date":"2023-02-03T13:56:42","date_gmt":"2023-02-03T12:56:42","guid":{"rendered":"https:\/\/www2.bioracer.com\/contact-us\/"},"modified":"2024-07-09T10:57:22","modified_gmt":"2024-07-09T08:57:22","slug":"contact-us","status":"publish","type":"page","link":"https:\/\/www2.bioracer.com\/cs\/contact-us\/","title":{"rendered":"Contact us"},"content":{"rendered":"\n<div class=\"wp-block-getwid-section alignfull getwid-section-content-full-width\" style=\"margin-top:-75px\"><div class=\"wp-block-getwid-section__wrapper\" style=\"min-height:200px\"><div class=\"wp-block-getwid-section__inner-wrapper\"><div class=\"wp-block-getwid-section__background-holder\"><div class=\"wp-block-getwid-section__background\" style=\"background-image:url('https:\/\/www2.bioracer.com\/wp-content\/uploads\/2023\/02\/CONTACT-US.jpg');background-position:center center\"><div class=\"wp-block-getwid-section__background-image-wrapper\"><img decoding=\"async\" class=\"wp-block-getwid-section__background-image\" src=\"https:\/\/www2.bioracer.com\/wp-content\/uploads\/2023\/02\/CONTACT-US.jpg\" alt=\"\"\/><\/div><\/div><div class=\"wp-block-getwid-section__foreground\"><\/div><\/div><div class=\"wp-block-getwid-section__content\"><div class=\"wp-block-getwid-section__inner-content\"><\/div><\/div><\/div><\/div><\/div>\n\n\n\n<div class=\"wp-block-columns is-layout-flex wp-container-core-columns-is-layout-244aab75 wp-block-columns-is-layout-flex\" style=\"padding-top:var(--wp--preset--spacing--40);padding-right:var(--wp--preset--spacing--40);padding-bottom:var(--wp--preset--spacing--40);padding-left:var(--wp--preset--spacing--40)\">\n<div class=\"wp-block-column is-layout-flow wp-block-column-is-layout-flow\" style=\"flex-basis:66.67%\">\n<div class=\"wp-block-leadin-hubspot-form-block\">\n\t\t\t\t\t\t<script>\n\t\t\t\t\t\t\twindow.hsFormsOnReady = window.hsFormsOnReady || [];\n\t\t\t\t\t\t\twindow.hsFormsOnReady.push(()=>{\n\t\t\t\t\t\t\t\thbspt.forms.create({\n\t\t\t\t\t\t\t\t\tportalId: 7876510,\n\t\t\t\t\t\t\t\t\tformId: \"84ff1986-2cdd-4e2a-8054-25a71eedc9d6\",\n\t\t\t\t\t\t\t\t\ttarget: \"#hbspt-form-1776777281000-2751326174\",\n\t\t\t\t\t\t\t\t\tregion: \"na1\",\n\t\t\t\t\t\t\t\t\t\n\t\t\t\t\t\t\t})});\n\t\t\t\t\t\t<\/script>\n\t\t\t\t\t\t<div class=\"hbspt-form\" id=\"hbspt-form-1776777281000-2751326174\"><\/div><\/div>\n<\/div>\n\n\n\n<div class=\"wp-block-column is-layout-flow wp-block-column-is-layout-flow\" style=\"padding-top:var(--wp--preset--spacing--40);padding-right:var(--wp--preset--spacing--40);padding-bottom:var(--wp--preset--spacing--40);padding-left:var(--wp--preset--spacing--40);flex-basis:33.33%\">\n<p class=\"has-palette-color-2-color has-text-color has-link-color wp-elements-ea96359252dd7eb69c92f69412f73605\"><a href=\"mailto:info@bioracer.com\" class=\"ek-link\">info@bioracer.com<\/a> <\/p>\n\n\n\n<p><strong>Bioracer<\/strong> <strong>CZ<\/strong><\/p>\n\n\n\n<p>Ml\u00fdnsk\u00e1 529\/15<br>602 00 Brno<br>Czech Republic<br>+420 602 515 367<\/p>\n<\/div>\n<\/div>\n","protected":false},"excerpt":{"rendered":"<p>info@bioracer.com Bioracer CZ Ml\u00fdnsk\u00e1 529\/15602 00 BrnoCzech Republic+420 602 515 367<\/p>\n","protected":false},"author":2,"featured_media":0,"parent":0,"menu_order":0,"comment_status":"closed","ping_status":"closed","template":"","meta":{"_editorskit_title_hidden":false,"_editorskit_reading_time":0,"_editorskit_is_block_options_detached":false,"_editorskit_block_options_position":"{}","content-type":"","footnotes":""},"class_list":["post-35044","page","type-page","status-publish","hentry"],"blocksy_meta":{"styles_descriptor":{"styles":{"desktop":"","tablet":"","mobile":""},"google_fonts":[],"version":6}},"yoast_head":"<!-- This site is optimized with the Yoast SEO Premium plugin v20.8 (Yoast SEO v26.3) - https:\/\/yoast.com\/wordpress\/plugins\/seo\/ -->\n<title>Contact us | Bioracer<\/title>\n<meta name=\"robots\" content=\"index, follow, max-snippet:-1, max-image-preview:large, max-video-preview:-1\" \/>\n<link rel=\"canonical\" href=\"https:\/\/www2.bioracer.com\/cs\/contact-us\/\" \/>\n<meta property=\"og:locale\" content=\"cs_CZ\" \/>\n<meta property=\"og:type\" content=\"article\" \/>\n<meta property=\"og:title\" content=\"Contact us\" \/>\n<meta property=\"og:description\" content=\"info@bioracer.com Bioracer CZ Ml\u00fdnsk\u00e1 529\/15602 00 BrnoCzech Republic+420 602 515 367\" \/>\n<meta property=\"og:url\" content=\"https:\/\/www2.bioracer.com\/cs\/contact-us\/\" \/>\n<meta property=\"og:site_name\" content=\"Bioracer\" \/>\n<meta property=\"article:publisher\" content=\"https:\/\/facebook.com\/bioracerspeedwear\/\" \/>\n<meta property=\"article:modified_time\" content=\"2024-07-09T08:57:22+00:00\" \/>\n<meta property=\"og:image\" content=\"https:\/\/www2.bioracer.com\/wp-content\/uploads\/2023\/02\/CONTACT-US.jpg\" \/>\n<meta name=\"twitter:card\" content=\"summary_large_image\" \/>\n<meta name=\"twitter:site\" content=\"@bioracer\" \/>\n<meta name=\"twitter:label1\" content=\"Odhadovan\u00e1 doba \u010dten\u00ed\" \/>\n\t<meta name=\"twitter:data1\" content=\"1 minuta\" \/>\n<script type=\"application\/ld+json\" class=\"yoast-schema-graph\">{\"@context\":\"https:\/\/schema.org\",\"@graph\":[{\"@type\":\"WebPage\",\"@id\":\"https:\/\/www2.bioracer.com\/cs\/contact-us\/\",\"url\":\"https:\/\/www2.bioracer.com\/cs\/contact-us\/\",\"name\":\"Contact us | Bioracer\",\"isPartOf\":{\"@id\":\"https:\/\/www2.bioracer.com\/cs\/#website\"},\"primaryImageOfPage\":{\"@id\":\"https:\/\/www2.bioracer.com\/cs\/contact-us\/#primaryimage\"},\"image\":{\"@id\":\"https:\/\/www2.bioracer.com\/cs\/contact-us\/#primaryimage\"},\"thumbnailUrl\":\"https:\/\/www2.bioracer.com\/wp-content\/uploads\/2023\/02\/CONTACT-US.jpg\",\"datePublished\":\"2023-02-03T12:56:42+00:00\",\"dateModified\":\"2024-07-09T08:57:22+00:00\",\"breadcrumb\":{\"@id\":\"https:\/\/www2.bioracer.com\/cs\/contact-us\/#breadcrumb\"},\"inLanguage\":\"cs\",\"potentialAction\":[{\"@type\":\"ReadAction\",\"target\":[\"https:\/\/www2.bioracer.com\/cs\/contact-us\/\"]}]},{\"@type\":\"ImageObject\",\"inLanguage\":\"cs\",\"@id\":\"https:\/\/www2.bioracer.com\/cs\/contact-us\/#primaryimage\",\"url\":\"https:\/\/www2.bioracer.com\/wp-content\/uploads\/2023\/02\/CONTACT-US.jpg\",\"contentUrl\":\"https:\/\/www2.bioracer.com\/wp-content\/uploads\/2023\/02\/CONTACT-US.jpg\"},{\"@type\":\"BreadcrumbList\",\"@id\":\"https:\/\/www2.bioracer.com\/cs\/contact-us\/#breadcrumb\",\"itemListElement\":[{\"@type\":\"ListItem\",\"position\":1,\"name\":\"Home\",\"item\":\"https:\/\/www2.bioracer.com\/cs\/\"},{\"@type\":\"ListItem\",\"position\":2,\"name\":\"Contact us\"}]},{\"@type\":\"WebSite\",\"@id\":\"https:\/\/www2.bioracer.com\/cs\/#website\",\"url\":\"https:\/\/www2.bioracer.com\/cs\/\",\"name\":\"Bioracer Official Store\",\"description\":\"Bioracer Custom Bike Clothing &amp; Accessories\",\"alternateName\":\"Bioracer Store\",\"potentialAction\":[{\"@type\":\"SearchAction\",\"target\":{\"@type\":\"EntryPoint\",\"urlTemplate\":\"https:\/\/www2.bioracer.com\/cs\/?s={search_term_string}\"},\"query-input\":{\"@type\":\"PropertyValueSpecification\",\"valueRequired\":true,\"valueName\":\"search_term_string\"}}],\"inLanguage\":\"cs\"}]}<\/script>\n<!-- \/ Yoast SEO Premium plugin. -->","yoast_head_json":{"title":"Contact us | Bioracer","robots":{"index":"index","follow":"follow","max-snippet":"max-snippet:-1","max-image-preview":"max-image-preview:large","max-video-preview":"max-video-preview:-1"},"canonical":"https:\/\/www2.bioracer.com\/cs\/contact-us\/","og_locale":"cs_CZ","og_type":"article","og_title":"Contact us","og_description":"info@bioracer.com Bioracer CZ Ml\u00fdnsk\u00e1 529\/15602 00 BrnoCzech Republic+420 602 515 367","og_url":"https:\/\/www2.bioracer.com\/cs\/contact-us\/","og_site_name":"Bioracer","article_publisher":"https:\/\/facebook.com\/bioracerspeedwear\/","article_modified_time":"2024-07-09T08:57:22+00:00","og_image":[{"url":"https:\/\/www2.bioracer.com\/wp-content\/uploads\/2023\/02\/CONTACT-US.jpg","type":"","width":"","height":""}],"twitter_card":"summary_large_image","twitter_site":"@bioracer","twitter_misc":{"Odhadovan\u00e1 doba \u010dten\u00ed":"1 minuta"},"schema":{"@context":"https:\/\/schema.org","@graph":[{"@type":"WebPage","@id":"https:\/\/www2.bioracer.com\/cs\/contact-us\/","url":"https:\/\/www2.bioracer.com\/cs\/contact-us\/","name":"Contact us | Bioracer","isPartOf":{"@id":"https:\/\/www2.bioracer.com\/cs\/#website"},"primaryImageOfPage":{"@id":"https:\/\/www2.bioracer.com\/cs\/contact-us\/#primaryimage"},"image":{"@id":"https:\/\/www2.bioracer.com\/cs\/contact-us\/#primaryimage"},"thumbnailUrl":"https:\/\/www2.bioracer.com\/wp-content\/uploads\/2023\/02\/CONTACT-US.jpg","datePublished":"2023-02-03T12:56:42+00:00","dateModified":"2024-07-09T08:57:22+00:00","breadcrumb":{"@id":"https:\/\/www2.bioracer.com\/cs\/contact-us\/#breadcrumb"},"inLanguage":"cs","potentialAction":[{"@type":"ReadAction","target":["https:\/\/www2.bioracer.com\/cs\/contact-us\/"]}]},{"@type":"ImageObject","inLanguage":"cs","@id":"https:\/\/www2.bioracer.com\/cs\/contact-us\/#primaryimage","url":"https:\/\/www2.bioracer.com\/wp-content\/uploads\/2023\/02\/CONTACT-US.jpg","contentUrl":"https:\/\/www2.bioracer.com\/wp-content\/uploads\/2023\/02\/CONTACT-US.jpg"},{"@type":"BreadcrumbList","@id":"https:\/\/www2.bioracer.com\/cs\/contact-us\/#breadcrumb","itemListElement":[{"@type":"ListItem","position":1,"name":"Home","item":"https:\/\/www2.bioracer.com\/cs\/"},{"@type":"ListItem","position":2,"name":"Contact us"}]},{"@type":"WebSite","@id":"https:\/\/www2.bioracer.com\/cs\/#website","url":"https:\/\/www2.bioracer.com\/cs\/","name":"Bioracer Official Store","description":"Bioracer Custom Bike Clothing &amp; Accessories","alternateName":"Bioracer Store","potentialAction":[{"@type":"SearchAction","target":{"@type":"EntryPoint","urlTemplate":"https:\/\/www2.bioracer.com\/cs\/?s={search_term_string}"},"query-input":{"@type":"PropertyValueSpecification","valueRequired":true,"valueName":"search_term_string"}}],"inLanguage":"cs"}]}},"_links":{"self":[{"href":"https:\/\/www2.bioracer.com\/cs\/wp-json\/wp\/v2\/pages\/35044","targetHints":{"allow":["GET"]}}],"collection":[{"href":"https:\/\/www2.bioracer.com\/cs\/wp-json\/wp\/v2\/pages"}],"about":[{"href":"https:\/\/www2.bioracer.com\/cs\/wp-json\/wp\/v2\/types\/page"}],"author":[{"embeddable":true,"href":"https:\/\/www2.bioracer.com\/cs\/wp-json\/wp\/v2\/users\/2"}],"replies":[{"embeddable":true,"href":"https:\/\/www2.bioracer.com\/cs\/wp-json\/wp\/v2\/comments?post=35044"}],"version-history":[{"count":3,"href":"https:\/\/www2.bioracer.com\/cs\/wp-json\/wp\/v2\/pages\/35044\/revisions"}],"predecessor-version":[{"id":36331,"href":"https:\/\/www2.bioracer.com\/cs\/wp-json\/wp\/v2\/pages\/35044\/revisions\/36331"}],"wp:attachment":[{"href":"https:\/\/www2.bioracer.com\/cs\/wp-json\/wp\/v2\/media?parent=35044"}],"curies":[{"name":"wp","href":"https:\/\/api.w.org\/{rel}","templated":true}]}}