{"id":34672,"date":"2024-02-12T15:52:32","date_gmt":"2024-02-12T14:52:32","guid":{"rendered":"https:\/\/www2.bioracer.com\/individual\/"},"modified":"2025-09-05T11:45:06","modified_gmt":"2025-09-05T09:45:06","slug":"individual","status":"publish","type":"page","link":"https:\/\/www2.bioracer.com\/fr\/individual\/","title":{"rendered":"Individual"},"content":{"rendered":"\n<div class=\"wp-block-getwid-section alignfull has-inner-blocks-gap-none getwid-section-content-full-width\" style=\"margin-top:-75px\"><div class=\"wp-block-getwid-section__wrapper getwid-padding-top-none\" style=\"min-height:300px\"><div class=\"wp-block-getwid-section__inner-wrapper\"><div class=\"wp-block-getwid-section__background-holder\"><div class=\"wp-block-getwid-section__background\" style=\"background-image:url('https:\/\/www2.bioracer.com\/wp-content\/uploads\/2024\/02\/individual-measurements.jpg')\"><div class=\"wp-block-getwid-section__background-image-wrapper\"><img decoding=\"async\" class=\"wp-block-getwid-section__background-image\" src=\"https:\/\/www2.bioracer.com\/wp-content\/uploads\/2024\/02\/individual-measurements.jpg\" alt=\"individual measurements cycling\"\/><\/div><\/div><div class=\"wp-block-getwid-section__foreground\"><\/div><\/div><div class=\"wp-block-getwid-section__content\"><div class=\"wp-block-getwid-section__inner-content\"><\/div><\/div><\/div><\/div><\/div>\n\n\n\n<div class=\"wp-block-getwid-section alignfull alignfull\"><div class=\"wp-block-getwid-section__wrapper\"><div class=\"wp-block-getwid-section__inner-wrapper\"><div class=\"wp-block-getwid-section__background-holder\"><div class=\"wp-block-getwid-section__background\"><\/div><div class=\"wp-block-getwid-section__foreground\"><\/div><\/div><div class=\"wp-block-getwid-section__content\"><div class=\"wp-block-getwid-section__inner-content\">\n<h2 class=\"wp-block-heading\" id=\"h-pas-un-produit-un-service-complet\" style=\"text-transform:uppercase\">Pas un produit, mais un service complet<\/h2>\n\n\n\n<p>Individual n&rsquo;est pas un produit, ni m\u00eame une gamme de produits. Individual est un service complet, con\u00e7u pour r\u00e9unir les meilleurs experts de Bioracer autour de vous afin de vous rendre plus rapide.<\/p>\n\n\n\n<p>En collaboration avec nos designers de produits, nous d\u00e9veloppons une combinaison de course enti\u00e8rement personnalis\u00e9e, adapt\u00e9e \u00e0 vos mesures et \u00e0 vos exigences en termes de vitesse, de discipline et de conditions climatiques des comp\u00e9titions auxquelles vous participez.<\/p>\n\n\n\n<p>Avec nos coll\u00e8gues de Bioracer Motion, nous analysons votre position sur le v\u00e9lo et votre sym\u00e9trie de p\u00e9dalage, afin d&rsquo;am\u00e9liorer votre efficacit\u00e9, votre a\u00e9rodynamisme, votre confort et de pr\u00e9venir les blessures.<\/p>\n<\/div><\/div><\/div><\/div><\/div>\n\n\n\n<div class=\"wp-block-getwid-section alignfull alignfull\"><div class=\"wp-block-getwid-section__wrapper\"><div class=\"wp-block-getwid-section__inner-wrapper\"><div class=\"wp-block-getwid-section__background-holder\"><div class=\"wp-block-getwid-section__background\"><\/div><div class=\"wp-block-getwid-section__foreground\"><\/div><\/div><div class=\"wp-block-getwid-section__content\"><div class=\"wp-block-getwid-section__inner-content\">\n<div class=\"wp-block-columns is-layout-flex wp-container-core-columns-is-layout-28f84493 wp-block-columns-is-layout-flex\">\n<div class=\"wp-block-column is-layout-flow wp-block-column-is-layout-flow\">\n<figure class=\"wp-block-image size-full\"><img loading=\"lazy\" decoding=\"async\" width=\"600\" height=\"400\" src=\"https:\/\/www2.bioracer.com\/wp-content\/uploads\/2024\/02\/remco-speedsuit.jpg\" alt=\"remco speedsuit\" class=\"wp-image-33929\" srcset=\"https:\/\/www2.bioracer.com\/wp-content\/uploads\/2024\/02\/remco-speedsuit.jpg 600w, https:\/\/www2.bioracer.com\/wp-content\/uploads\/2024\/02\/remco-speedsuit-300x200.jpg 300w\" sizes=\"auto, (max-width: 600px) 100vw, 600px\" \/><\/figure>\n<\/div>\n\n\n\n<div class=\"wp-block-column is-vertically-aligned-center is-layout-flow wp-block-column-is-layout-flow\">\n<h2 class=\"wp-block-heading\" id=\"h-speedsuits\" style=\"text-transform:uppercase\">Speedsuits<\/h2>\n\n\n\n<p>Nos recherches sur l&rsquo;optimisation de la position a\u00e9rodynamique ont d\u00e9montr\u00e9 l&rsquo;importance d&rsquo;une tenue parfaitement ajust\u00e9e pour r\u00e9duire au maximum la r\u00e9sistance \u00e0 l\u2019air. Nos combinaisons Speedsuits sont confectionn\u00e9es sur mesure, selon vos mensurations. Que vous soyez un coureur contre-la-montre exigeant ou un triathl\u00e8te, chaque combinaison b\u00e9n\u00e9ficie de coutures plates, d&rsquo;une construction optimale et de tissus soigneusement s\u00e9lectionn\u00e9s. R\u00e9sultat : vous \u00eates plus rapide. Gr\u00e2ce \u00e0 cette expertise, nous avons contribu\u00e9 \u00e0 l&rsquo;obtention de plus de 600 m\u00e9dailles lors des Jeux Olympiques et des Championnats du Monde.<\/p>\n\n\n\n<div class=\"wp-block-buttons is-layout-flex wp-block-buttons-is-layout-flex\">\n<div class=\"wp-block-button is-style-fill\"><a class=\"wp-block-button__link has-palette-color-2-background-color has-background wp-element-button\" href=\"https:\/\/www2.bioracer.com\/en\/individual\/order-process\/\" style=\"border-radius:10px\"><strong>Comment commander<\/strong><\/a><\/div>\n<\/div>\n<\/div>\n<\/div>\n<\/div><\/div><\/div><\/div><\/div>\n\n\n\n<div class=\"wp-block-getwid-section alignfull alignfull\"><div class=\"wp-block-getwid-section__wrapper\"><div class=\"wp-block-getwid-section__inner-wrapper\"><div class=\"wp-block-getwid-section__background-holder\"><div class=\"wp-block-getwid-section__background\"><\/div><div class=\"wp-block-getwid-section__foreground\"><\/div><\/div><div class=\"wp-block-getwid-section__content\"><div class=\"wp-block-getwid-section__inner-content\">\n<div class=\"wp-block-columns is-layout-flex wp-container-core-columns-is-layout-28f84493 wp-block-columns-is-layout-flex\">\n<div class=\"wp-block-column is-layout-flow wp-block-column-is-layout-flow\">\n<figure class=\"wp-block-image size-full\"><img loading=\"lazy\" decoding=\"async\" width=\"600\" height=\"400\" src=\"https:\/\/www2.bioracer.com\/wp-content\/uploads\/2024\/02\/remco-sizing.jpg\" alt=\"remco sizing\" class=\"wp-image-33927\" srcset=\"https:\/\/www2.bioracer.com\/wp-content\/uploads\/2024\/02\/remco-sizing.jpg 600w, https:\/\/www2.bioracer.com\/wp-content\/uploads\/2024\/02\/remco-sizing-300x200.jpg 300w\" sizes=\"auto, (max-width: 600px) 100vw, 600px\" \/><\/figure>\n<\/div>\n\n\n\n<div class=\"wp-block-column is-vertically-aligned-center is-layout-flow wp-block-column-is-layout-flow\">\n<h2 class=\"wp-block-heading\" id=\"h-conseils-de-taille\" style=\"text-transform:uppercase\">Conseils de taille<\/h2>\n\n\n\n<p>Un guide des tailles constitue la r\u00e9f\u00e9rence de base et permet de d\u00e9terminer pr\u00e9cis\u00e9ment la taille adapt\u00e9e \u00e0 chaque cycliste. Gr\u00e2ce \u00e0 notre \u00e9quipement de mesure, nous prenons en compte diff\u00e9rents param\u00e8tres : la taille totale, l&rsquo;entrejambe, la longueur du dos, la largeur des \u00e9paules, la longueur des bras ainsi que celle des pieds.<\/p>\n<\/div>\n<\/div>\n<\/div><\/div><\/div><\/div><\/div>\n\n\n\n<div class=\"wp-block-getwid-section alignfull alignfull\"><div class=\"wp-block-getwid-section__wrapper\"><div class=\"wp-block-getwid-section__inner-wrapper\"><div class=\"wp-block-getwid-section__background-holder\"><div class=\"wp-block-getwid-section__background\"><\/div><div class=\"wp-block-getwid-section__foreground\"><\/div><\/div><div class=\"wp-block-getwid-section__content\"><div class=\"wp-block-getwid-section__inner-content\">\n<div class=\"wp-block-columns is-layout-flex wp-container-core-columns-is-layout-28f84493 wp-block-columns-is-layout-flex\">\n<div class=\"wp-block-column is-layout-flow wp-block-column-is-layout-flow\">\n<figure class=\"wp-block-image size-full\"><img loading=\"lazy\" decoding=\"async\" width=\"600\" height=\"400\" src=\"https:\/\/www2.bioracer.com\/wp-content\/uploads\/2024\/02\/remco-insoles.jpg\" alt=\"remco insoles\" class=\"wp-image-33923\" srcset=\"https:\/\/www2.bioracer.com\/wp-content\/uploads\/2024\/02\/remco-insoles.jpg 600w, https:\/\/www2.bioracer.com\/wp-content\/uploads\/2024\/02\/remco-insoles-300x200.jpg 300w\" sizes=\"auto, (max-width: 600px) 100vw, 600px\" \/><\/figure>\n<\/div>\n\n\n\n<div class=\"wp-block-column is-vertically-aligned-center is-layout-flow wp-block-column-is-layout-flow\">\n<h2 class=\"wp-block-heading\" id=\"h-custom-insoles\" style=\"text-transform:uppercase\">Semelles sur mesure<\/h2>\n\n\n\n<p>Lors de l&rsquo;analyse dynamique du mouvement, de nombreux cyclistes pr\u00e9sentent une d\u00e9viation significative dans la sym\u00e9trie de leur p\u00e9dalage. Ce probl\u00e8me peut \u00eatre presque enti\u00e8rement corrig\u00e9 gr\u00e2ce \u00e0 des semelles confectionn\u00e9es sur mesure. Ces semelles personnalis\u00e9es sont ajust\u00e9es avec pr\u00e9cision sur base des r\u00e9sultats de l&rsquo;analyse dynamique. Le prix des semelles est de 95 \u20ac.<\/p>\n\n\n\n<div class=\"wp-block-buttons is-layout-flex wp-block-buttons-is-layout-flex\">\n<div class=\"wp-block-button is-style-fill\"><a class=\"wp-block-button__link has-palette-color-2-background-color has-background wp-element-button\" href=\"mailto:hello@bioracer.com\" style=\"border-radius:10px\" target=\"_blank\" rel=\"noreferrer noopener\"><strong>Contactez<\/strong>&#8211;<strong>nous<\/strong><\/a><\/div>\n<\/div>\n<\/div>\n<\/div>\n<\/div><\/div><\/div><\/div><\/div>\n\n\n\n<div class=\"wp-block-getwid-section alignfull alignfull\"><div class=\"wp-block-getwid-section__wrapper\"><div class=\"wp-block-getwid-section__inner-wrapper\"><div class=\"wp-block-getwid-section__background-holder\"><div class=\"wp-block-getwid-section__background\"><\/div><div class=\"wp-block-getwid-section__foreground\"><\/div><\/div><div class=\"wp-block-getwid-section__content\"><div class=\"wp-block-getwid-section__inner-content\">\n<div class=\"wp-block-columns is-layout-flex wp-container-core-columns-is-layout-28f84493 wp-block-columns-is-layout-flex\">\n<div class=\"wp-block-column is-layout-flow wp-block-column-is-layout-flow\">\n<figure class=\"wp-block-image size-full\"><img loading=\"lazy\" decoding=\"async\" width=\"600\" height=\"400\" src=\"https:\/\/www2.bioracer.com\/wp-content\/uploads\/2024\/02\/remco-motion-analysis.jpg\" alt=\"remco motion analysis\" class=\"wp-image-33925\" srcset=\"https:\/\/www2.bioracer.com\/wp-content\/uploads\/2024\/02\/remco-motion-analysis.jpg 600w, https:\/\/www2.bioracer.com\/wp-content\/uploads\/2024\/02\/remco-motion-analysis-300x200.jpg 300w\" sizes=\"auto, (max-width: 600px) 100vw, 600px\" \/><\/figure>\n<\/div>\n\n\n\n<div class=\"wp-block-column is-vertically-aligned-center is-layout-flow wp-block-column-is-layout-flow\">\n<h2 class=\"wp-block-heading\" id=\"h-dynamic-motion-analysis\" style=\"text-transform:uppercase\">Analyse dynamique du mouvement<\/h2>\n\n\n\n<p>Bioracer Motion offre une analyse unique du mouvement, de la sym\u00e9trie et de la stabilit\u00e9 du cycliste. Ces donn\u00e9es sont indispensables pour perfectionner le mouvement, atteindre des performances maximales et r\u00e9duire le risque de blessures.<\/p>\n\n\n\n<p>L&rsquo;analyse du mouvement Bioracer Motion est r\u00e9alis\u00e9e au si\u00e8ge de Bioracer ainsi que dans des centres de cyclisme certifi\u00e9s. Vous pouvez prendre rendez-vous directement <a class=\"ek-link\" href=\"mailto:info@bioracermotion.com\">ici<\/a><\/p>\n<\/div>\n<\/div>\n<\/div><\/div><\/div><\/div><\/div>\n\n\n\n<div class=\"wp-block-getwid-section alignfull alignfull\"><div class=\"wp-block-getwid-section__wrapper\"><div class=\"wp-block-getwid-section__inner-wrapper\"><div class=\"wp-block-getwid-section__background-holder\"><div class=\"wp-block-getwid-section__background\"><\/div><div class=\"wp-block-getwid-section__foreground\"><\/div><\/div><div class=\"wp-block-getwid-section__content\"><div class=\"wp-block-getwid-section__inner-content\">\n<div class=\"wp-block-columns is-layout-flex wp-container-core-columns-is-layout-28f84493 wp-block-columns-is-layout-flex\">\n<div class=\"wp-block-column is-layout-flow wp-block-column-is-layout-flow\">\n<figure class=\"wp-block-image size-full\"><img loading=\"lazy\" decoding=\"async\" width=\"600\" height=\"400\" src=\"https:\/\/www2.bioracer.com\/wp-content\/uploads\/2024\/02\/cycling-pad-bioracer.jpg\" alt=\"cycling pad bioracer\" class=\"wp-image-33919\" srcset=\"https:\/\/www2.bioracer.com\/wp-content\/uploads\/2024\/02\/cycling-pad-bioracer.jpg 600w, https:\/\/www2.bioracer.com\/wp-content\/uploads\/2024\/02\/cycling-pad-bioracer-300x200.jpg 300w\" sizes=\"auto, (max-width: 600px) 100vw, 600px\" \/><\/figure>\n<\/div>\n\n\n\n<div class=\"wp-block-column is-vertically-aligned-center is-layout-flow wp-block-column-is-layout-flow\">\n<h2 class=\"wp-block-heading\" id=\"h-saddle-pressure-measurement\" style=\"text-transform:uppercase\">Mesure de la pression sur la selle<\/h2>\n\n\n\n<p>Gr\u00e2ce \u00e0 la mesure de la pression exerc\u00e9e sur la selle, nous pouvons identifier les zones o\u00f9 la charge est la plus importante pendant le p\u00e9dalage.<\/p>\n\n\n\n<p>Ces informations permettent de recommander la selle la mieux adapt\u00e9e au cycliste et, surtout, le rembourrage id\u00e9al. Cela facilite le choix d&rsquo;une bonne peau de chamois.<\/p>\n\n\n\n<div class=\"wp-block-buttons is-layout-flex wp-block-buttons-is-layout-flex\">\n<div class=\"wp-block-button is-style-fill\"><a class=\"wp-block-button__link has-palette-color-2-background-color has-background wp-element-button\" href=\"mailto:info@bioracermotion.com\" style=\"border-radius:10px\" target=\"_blank\" rel=\"noreferrer noopener\">Contactez-nous<\/a><\/div>\n<\/div>\n<\/div>\n<\/div>\n<\/div><\/div><\/div><\/div><\/div>\n","protected":false},"excerpt":{"rendered":"","protected":false},"author":2,"featured_media":0,"parent":0,"menu_order":0,"comment_status":"closed","ping_status":"closed","template":"","meta":{"_editorskit_title_hidden":false,"_editorskit_reading_time":0,"_editorskit_is_block_options_detached":false,"_editorskit_block_options_position":"{}","content-type":"","footnotes":""},"class_list":["post-34672","page","type-page","status-publish","hentry"],"blocksy_meta":[],"yoast_head":"<!-- This site is optimized with the Yoast SEO Premium plugin v20.8 (Yoast SEO v26.3) - https:\/\/yoast.com\/wordpress\/plugins\/seo\/ -->\n<title>Individual | Bioracer<\/title>\n<meta name=\"robots\" content=\"index, follow, max-snippet:-1, max-image-preview:large, max-video-preview:-1\" \/>\n<link rel=\"canonical\" href=\"https:\/\/www2.bioracer.com\/fr\/individual\/\" \/>\n<meta property=\"og:locale\" content=\"fr_FR\" \/>\n<meta property=\"og:type\" content=\"article\" \/>\n<meta property=\"og:title\" content=\"Individual\" \/>\n<meta property=\"og:url\" content=\"https:\/\/www2.bioracer.com\/fr\/individual\/\" \/>\n<meta property=\"og:site_name\" content=\"Bioracer\" \/>\n<meta property=\"article:publisher\" content=\"https:\/\/facebook.com\/bioracerspeedwear\/\" \/>\n<meta property=\"article:modified_time\" content=\"2025-09-05T09:45:06+00:00\" \/>\n<meta property=\"og:image\" content=\"https:\/\/www2.bioracer.com\/wp-content\/uploads\/2024\/02\/individual-measurements.jpg\" \/>\n<meta name=\"twitter:card\" content=\"summary_large_image\" \/>\n<meta name=\"twitter:site\" content=\"@bioracer\" \/>\n<meta name=\"twitter:label1\" content=\"Dur\u00e9e de lecture estim\u00e9e\" \/>\n\t<meta name=\"twitter:data1\" content=\"4 minutes\" \/>\n<script type=\"application\/ld+json\" class=\"yoast-schema-graph\">{\"@context\":\"https:\/\/schema.org\",\"@graph\":[{\"@type\":\"WebPage\",\"@id\":\"https:\/\/www2.bioracer.com\/fr\/individual\/\",\"url\":\"https:\/\/www2.bioracer.com\/fr\/individual\/\",\"name\":\"Individual | Bioracer\",\"isPartOf\":{\"@id\":\"https:\/\/www2.bioracer.com\/fr\/#website\"},\"primaryImageOfPage\":{\"@id\":\"https:\/\/www2.bioracer.com\/fr\/individual\/#primaryimage\"},\"image\":{\"@id\":\"https:\/\/www2.bioracer.com\/fr\/individual\/#primaryimage\"},\"thumbnailUrl\":\"https:\/\/www2.bioracer.com\/wp-content\/uploads\/2024\/02\/individual-measurements.jpg\",\"datePublished\":\"2024-02-12T14:52:32+00:00\",\"dateModified\":\"2025-09-05T09:45:06+00:00\",\"breadcrumb\":{\"@id\":\"https:\/\/www2.bioracer.com\/fr\/individual\/#breadcrumb\"},\"inLanguage\":\"fr-FR\",\"potentialAction\":[{\"@type\":\"ReadAction\",\"target\":[\"https:\/\/www2.bioracer.com\/fr\/individual\/\"]}]},{\"@type\":\"ImageObject\",\"inLanguage\":\"fr-FR\",\"@id\":\"https:\/\/www2.bioracer.com\/fr\/individual\/#primaryimage\",\"url\":\"https:\/\/www2.bioracer.com\/wp-content\/uploads\/2024\/02\/individual-measurements.jpg\",\"contentUrl\":\"https:\/\/www2.bioracer.com\/wp-content\/uploads\/2024\/02\/individual-measurements.jpg\"},{\"@type\":\"BreadcrumbList\",\"@id\":\"https:\/\/www2.bioracer.com\/fr\/individual\/#breadcrumb\",\"itemListElement\":[{\"@type\":\"ListItem\",\"position\":1,\"name\":\"Home\",\"item\":\"https:\/\/www2.bioracer.com\/fr\/\"},{\"@type\":\"ListItem\",\"position\":2,\"name\":\"Individual\"}]},{\"@type\":\"WebSite\",\"@id\":\"https:\/\/www2.bioracer.com\/fr\/#website\",\"url\":\"https:\/\/www2.bioracer.com\/fr\/\",\"name\":\"Bioracer Official Store\",\"description\":\"Bioracer Custom Bike Clothing &amp; Accessories\",\"alternateName\":\"Bioracer Store\",\"potentialAction\":[{\"@type\":\"SearchAction\",\"target\":{\"@type\":\"EntryPoint\",\"urlTemplate\":\"https:\/\/www2.bioracer.com\/fr\/?s={search_term_string}\"},\"query-input\":{\"@type\":\"PropertyValueSpecification\",\"valueRequired\":true,\"valueName\":\"search_term_string\"}}],\"inLanguage\":\"fr-FR\"}]}<\/script>\n<!-- \/ Yoast SEO Premium plugin. -->","yoast_head_json":{"title":"Individual | Bioracer","robots":{"index":"index","follow":"follow","max-snippet":"max-snippet:-1","max-image-preview":"max-image-preview:large","max-video-preview":"max-video-preview:-1"},"canonical":"https:\/\/www2.bioracer.com\/fr\/individual\/","og_locale":"fr_FR","og_type":"article","og_title":"Individual","og_url":"https:\/\/www2.bioracer.com\/fr\/individual\/","og_site_name":"Bioracer","article_publisher":"https:\/\/facebook.com\/bioracerspeedwear\/","article_modified_time":"2025-09-05T09:45:06+00:00","og_image":[{"url":"https:\/\/www2.bioracer.com\/wp-content\/uploads\/2024\/02\/individual-measurements.jpg","type":"","width":"","height":""}],"twitter_card":"summary_large_image","twitter_site":"@bioracer","twitter_misc":{"Dur\u00e9e de lecture estim\u00e9e":"4 minutes"},"schema":{"@context":"https:\/\/schema.org","@graph":[{"@type":"WebPage","@id":"https:\/\/www2.bioracer.com\/fr\/individual\/","url":"https:\/\/www2.bioracer.com\/fr\/individual\/","name":"Individual | Bioracer","isPartOf":{"@id":"https:\/\/www2.bioracer.com\/fr\/#website"},"primaryImageOfPage":{"@id":"https:\/\/www2.bioracer.com\/fr\/individual\/#primaryimage"},"image":{"@id":"https:\/\/www2.bioracer.com\/fr\/individual\/#primaryimage"},"thumbnailUrl":"https:\/\/www2.bioracer.com\/wp-content\/uploads\/2024\/02\/individual-measurements.jpg","datePublished":"2024-02-12T14:52:32+00:00","dateModified":"2025-09-05T09:45:06+00:00","breadcrumb":{"@id":"https:\/\/www2.bioracer.com\/fr\/individual\/#breadcrumb"},"inLanguage":"fr-FR","potentialAction":[{"@type":"ReadAction","target":["https:\/\/www2.bioracer.com\/fr\/individual\/"]}]},{"@type":"ImageObject","inLanguage":"fr-FR","@id":"https:\/\/www2.bioracer.com\/fr\/individual\/#primaryimage","url":"https:\/\/www2.bioracer.com\/wp-content\/uploads\/2024\/02\/individual-measurements.jpg","contentUrl":"https:\/\/www2.bioracer.com\/wp-content\/uploads\/2024\/02\/individual-measurements.jpg"},{"@type":"BreadcrumbList","@id":"https:\/\/www2.bioracer.com\/fr\/individual\/#breadcrumb","itemListElement":[{"@type":"ListItem","position":1,"name":"Home","item":"https:\/\/www2.bioracer.com\/fr\/"},{"@type":"ListItem","position":2,"name":"Individual"}]},{"@type":"WebSite","@id":"https:\/\/www2.bioracer.com\/fr\/#website","url":"https:\/\/www2.bioracer.com\/fr\/","name":"Bioracer Official Store","description":"Bioracer Custom Bike Clothing &amp; Accessories","alternateName":"Bioracer Store","potentialAction":[{"@type":"SearchAction","target":{"@type":"EntryPoint","urlTemplate":"https:\/\/www2.bioracer.com\/fr\/?s={search_term_string}"},"query-input":{"@type":"PropertyValueSpecification","valueRequired":true,"valueName":"search_term_string"}}],"inLanguage":"fr-FR"}]}},"_links":{"self":[{"href":"https:\/\/www2.bioracer.com\/fr\/wp-json\/wp\/v2\/pages\/34672","targetHints":{"allow":["GET"]}}],"collection":[{"href":"https:\/\/www2.bioracer.com\/fr\/wp-json\/wp\/v2\/pages"}],"about":[{"href":"https:\/\/www2.bioracer.com\/fr\/wp-json\/wp\/v2\/types\/page"}],"author":[{"embeddable":true,"href":"https:\/\/www2.bioracer.com\/fr\/wp-json\/wp\/v2\/users\/2"}],"replies":[{"embeddable":true,"href":"https:\/\/www2.bioracer.com\/fr\/wp-json\/wp\/v2\/comments?post=34672"}],"version-history":[{"count":8,"href":"https:\/\/www2.bioracer.com\/fr\/wp-json\/wp\/v2\/pages\/34672\/revisions"}],"predecessor-version":[{"id":37076,"href":"https:\/\/www2.bioracer.com\/fr\/wp-json\/wp\/v2\/pages\/34672\/revisions\/37076"}],"wp:attachment":[{"href":"https:\/\/www2.bioracer.com\/fr\/wp-json\/wp\/v2\/media?parent=34672"}],"curies":[{"name":"wp","href":"https:\/\/api.w.org\/{rel}","templated":true}]}}