{"id":34744,"date":"2024-01-26T11:30:56","date_gmt":"2024-01-26T10:30:56","guid":{"rendered":"https:\/\/www2.bioracer.com\/icon\/"},"modified":"2025-09-05T11:20:51","modified_gmt":"2025-09-05T09:20:51","slug":"icon","status":"publish","type":"page","link":"https:\/\/www2.bioracer.com\/fr\/icon\/","title":{"rendered":"Icon"},"content":{"rendered":"\n<div class=\"wp-block-getwid-section alignfull alignfull\"><div class=\"wp-block-getwid-section__wrapper\"><div class=\"wp-block-getwid-section__inner-wrapper\"><div class=\"wp-block-getwid-section__background-holder\"><div class=\"wp-block-getwid-section__background\"><\/div><div class=\"wp-block-getwid-section__foreground\"><\/div><\/div><div class=\"wp-block-getwid-section__content\"><div class=\"wp-block-getwid-section__inner-content\">\n<div class=\"wp-block-columns is-layout-flex wp-container-core-columns-is-layout-28f84493 wp-block-columns-is-layout-flex\">\n<div class=\"wp-block-column is-layout-flow wp-block-column-is-layout-flow\">\n<figure class=\"wp-block-image alignfull size-full\"><img loading=\"lazy\" decoding=\"async\" width=\"600\" height=\"400\" src=\"https:\/\/www2.bioracer.com\/wp-content\/uploads\/2024\/01\/rak-icon.jpg\" alt=\"\" class=\"wp-image-33850\" srcset=\"https:\/\/www2.bioracer.com\/wp-content\/uploads\/2024\/01\/rak-icon.jpg 600w, https:\/\/www2.bioracer.com\/wp-content\/uploads\/2024\/01\/rak-icon-300x200.jpg 300w\" sizes=\"auto, (max-width: 600px) 100vw, 600px\" \/><\/figure>\n<\/div>\n\n\n\n<div class=\"wp-block-column is-vertically-aligned-center is-layout-flow wp-block-column-is-layout-flow\">\n<h2 class=\"wp-block-heading\" id=\"h-icon\">Icon<\/h2>\n\n\n\n<p>La gamme Icon assure un confort absolu tout en gardant la performance \u00e0 l&rsquo;esprit. La coupe classique offre une sensation de libert\u00e9 et de d\u00e9contraction.<\/p>\n\n\n\n<p>Cette collection est id\u00e9ale pour les cyclotouristes, et celles et ceux qui aiment rouler en douceur. Hommes, femmes et enfants : avec Icon, chacun p\u00e9dale avec style.<\/p>\n\n\n\n<div class=\"wp-block-getwid-button-group\"><div class=\"wp-block-getwid-button-group__wrapper\">\n<div class=\"wp-block-button\"><a class=\"wp-block-button__link has-palette-color-8-color has-palette-color-2-background-color has-text-color has-background has-medium-font-size has-custom-font-size wp-element-button\" href=\"https:\/\/www.bioracer.com\/fr\/cycling\/team?sport=1&amp;line=12&amp;back=https%3A%2F%2Fwww2.bioracer.com%2Ffr%2Ficon%2F\">Voir les produits<\/a><\/div>\n<\/div><\/div>\n<\/div>\n<\/div>\n<\/div><\/div><\/div><\/div><\/div>\n","protected":false},"excerpt":{"rendered":"","protected":false},"author":2,"featured_media":0,"parent":0,"menu_order":0,"comment_status":"closed","ping_status":"closed","template":"","meta":{"_editorskit_title_hidden":false,"_editorskit_reading_time":0,"_editorskit_is_block_options_detached":false,"_editorskit_block_options_position":"{}","content-type":"","footnotes":""},"class_list":["post-34744","page","type-page","status-publish","hentry"],"blocksy_meta":[],"yoast_head":"<!-- This site is optimized with the Yoast SEO Premium plugin v20.8 (Yoast SEO v26.3) - https:\/\/yoast.com\/wordpress\/plugins\/seo\/ -->\n<title>Icon | Bioracer<\/title>\n<meta name=\"robots\" content=\"index, follow, max-snippet:-1, max-image-preview:large, max-video-preview:-1\" \/>\n<link rel=\"canonical\" href=\"https:\/\/www2.bioracer.com\/fr\/icon\/\" \/>\n<meta property=\"og:locale\" content=\"fr_FR\" \/>\n<meta property=\"og:type\" content=\"article\" \/>\n<meta property=\"og:title\" content=\"Icon\" \/>\n<meta property=\"og:url\" content=\"https:\/\/www2.bioracer.com\/fr\/icon\/\" \/>\n<meta property=\"og:site_name\" content=\"Bioracer\" \/>\n<meta property=\"article:publisher\" content=\"https:\/\/facebook.com\/bioracerspeedwear\/\" \/>\n<meta property=\"article:modified_time\" content=\"2025-09-05T09:20:51+00:00\" \/>\n<meta property=\"og:image\" content=\"https:\/\/www2.bioracer.com\/wp-content\/uploads\/2024\/01\/rak-icon.jpg\" \/>\n\t<meta property=\"og:image:width\" content=\"600\" \/>\n\t<meta property=\"og:image:height\" content=\"400\" \/>\n\t<meta property=\"og:image:type\" content=\"image\/jpeg\" \/>\n<meta name=\"twitter:card\" content=\"summary_large_image\" \/>\n<meta name=\"twitter:site\" content=\"@bioracer\" \/>\n<meta name=\"twitter:label1\" content=\"Dur\u00e9e de lecture estim\u00e9e\" \/>\n\t<meta name=\"twitter:data1\" content=\"1 minute\" \/>\n<script type=\"application\/ld+json\" class=\"yoast-schema-graph\">{\"@context\":\"https:\/\/schema.org\",\"@graph\":[{\"@type\":\"WebPage\",\"@id\":\"https:\/\/www2.bioracer.com\/fr\/icon\/\",\"url\":\"https:\/\/www2.bioracer.com\/fr\/icon\/\",\"name\":\"Icon | Bioracer\",\"isPartOf\":{\"@id\":\"https:\/\/www2.bioracer.com\/fr\/#website\"},\"primaryImageOfPage\":{\"@id\":\"https:\/\/www2.bioracer.com\/fr\/icon\/#primaryimage\"},\"image\":{\"@id\":\"https:\/\/www2.bioracer.com\/fr\/icon\/#primaryimage\"},\"thumbnailUrl\":\"https:\/\/www2.bioracer.com\/wp-content\/uploads\/2024\/01\/rak-icon.jpg\",\"datePublished\":\"2024-01-26T10:30:56+00:00\",\"dateModified\":\"2025-09-05T09:20:51+00:00\",\"breadcrumb\":{\"@id\":\"https:\/\/www2.bioracer.com\/fr\/icon\/#breadcrumb\"},\"inLanguage\":\"fr-FR\",\"potentialAction\":[{\"@type\":\"ReadAction\",\"target\":[\"https:\/\/www2.bioracer.com\/fr\/icon\/\"]}]},{\"@type\":\"ImageObject\",\"inLanguage\":\"fr-FR\",\"@id\":\"https:\/\/www2.bioracer.com\/fr\/icon\/#primaryimage\",\"url\":\"https:\/\/www2.bioracer.com\/wp-content\/uploads\/2024\/01\/rak-icon.jpg\",\"contentUrl\":\"https:\/\/www2.bioracer.com\/wp-content\/uploads\/2024\/01\/rak-icon.jpg\"},{\"@type\":\"BreadcrumbList\",\"@id\":\"https:\/\/www2.bioracer.com\/fr\/icon\/#breadcrumb\",\"itemListElement\":[{\"@type\":\"ListItem\",\"position\":1,\"name\":\"Home\",\"item\":\"https:\/\/www2.bioracer.com\/fr\/\"},{\"@type\":\"ListItem\",\"position\":2,\"name\":\"Icon\"}]},{\"@type\":\"WebSite\",\"@id\":\"https:\/\/www2.bioracer.com\/fr\/#website\",\"url\":\"https:\/\/www2.bioracer.com\/fr\/\",\"name\":\"Bioracer Official Store\",\"description\":\"Bioracer Custom Bike Clothing &amp; Accessories\",\"alternateName\":\"Bioracer Store\",\"potentialAction\":[{\"@type\":\"SearchAction\",\"target\":{\"@type\":\"EntryPoint\",\"urlTemplate\":\"https:\/\/www2.bioracer.com\/fr\/?s={search_term_string}\"},\"query-input\":{\"@type\":\"PropertyValueSpecification\",\"valueRequired\":true,\"valueName\":\"search_term_string\"}}],\"inLanguage\":\"fr-FR\"}]}<\/script>\n<!-- \/ Yoast SEO Premium plugin. -->","yoast_head_json":{"title":"Icon | Bioracer","robots":{"index":"index","follow":"follow","max-snippet":"max-snippet:-1","max-image-preview":"max-image-preview:large","max-video-preview":"max-video-preview:-1"},"canonical":"https:\/\/www2.bioracer.com\/fr\/icon\/","og_locale":"fr_FR","og_type":"article","og_title":"Icon","og_url":"https:\/\/www2.bioracer.com\/fr\/icon\/","og_site_name":"Bioracer","article_publisher":"https:\/\/facebook.com\/bioracerspeedwear\/","article_modified_time":"2025-09-05T09:20:51+00:00","og_image":[{"width":600,"height":400,"url":"https:\/\/www2.bioracer.com\/wp-content\/uploads\/2024\/01\/rak-icon.jpg","type":"image\/jpeg"}],"twitter_card":"summary_large_image","twitter_site":"@bioracer","twitter_misc":{"Dur\u00e9e de lecture estim\u00e9e":"1 minute"},"schema":{"@context":"https:\/\/schema.org","@graph":[{"@type":"WebPage","@id":"https:\/\/www2.bioracer.com\/fr\/icon\/","url":"https:\/\/www2.bioracer.com\/fr\/icon\/","name":"Icon | Bioracer","isPartOf":{"@id":"https:\/\/www2.bioracer.com\/fr\/#website"},"primaryImageOfPage":{"@id":"https:\/\/www2.bioracer.com\/fr\/icon\/#primaryimage"},"image":{"@id":"https:\/\/www2.bioracer.com\/fr\/icon\/#primaryimage"},"thumbnailUrl":"https:\/\/www2.bioracer.com\/wp-content\/uploads\/2024\/01\/rak-icon.jpg","datePublished":"2024-01-26T10:30:56+00:00","dateModified":"2025-09-05T09:20:51+00:00","breadcrumb":{"@id":"https:\/\/www2.bioracer.com\/fr\/icon\/#breadcrumb"},"inLanguage":"fr-FR","potentialAction":[{"@type":"ReadAction","target":["https:\/\/www2.bioracer.com\/fr\/icon\/"]}]},{"@type":"ImageObject","inLanguage":"fr-FR","@id":"https:\/\/www2.bioracer.com\/fr\/icon\/#primaryimage","url":"https:\/\/www2.bioracer.com\/wp-content\/uploads\/2024\/01\/rak-icon.jpg","contentUrl":"https:\/\/www2.bioracer.com\/wp-content\/uploads\/2024\/01\/rak-icon.jpg"},{"@type":"BreadcrumbList","@id":"https:\/\/www2.bioracer.com\/fr\/icon\/#breadcrumb","itemListElement":[{"@type":"ListItem","position":1,"name":"Home","item":"https:\/\/www2.bioracer.com\/fr\/"},{"@type":"ListItem","position":2,"name":"Icon"}]},{"@type":"WebSite","@id":"https:\/\/www2.bioracer.com\/fr\/#website","url":"https:\/\/www2.bioracer.com\/fr\/","name":"Bioracer Official Store","description":"Bioracer Custom Bike Clothing &amp; Accessories","alternateName":"Bioracer Store","potentialAction":[{"@type":"SearchAction","target":{"@type":"EntryPoint","urlTemplate":"https:\/\/www2.bioracer.com\/fr\/?s={search_term_string}"},"query-input":{"@type":"PropertyValueSpecification","valueRequired":true,"valueName":"search_term_string"}}],"inLanguage":"fr-FR"}]}},"_links":{"self":[{"href":"https:\/\/www2.bioracer.com\/fr\/wp-json\/wp\/v2\/pages\/34744","targetHints":{"allow":["GET"]}}],"collection":[{"href":"https:\/\/www2.bioracer.com\/fr\/wp-json\/wp\/v2\/pages"}],"about":[{"href":"https:\/\/www2.bioracer.com\/fr\/wp-json\/wp\/v2\/types\/page"}],"author":[{"embeddable":true,"href":"https:\/\/www2.bioracer.com\/fr\/wp-json\/wp\/v2\/users\/2"}],"replies":[{"embeddable":true,"href":"https:\/\/www2.bioracer.com\/fr\/wp-json\/wp\/v2\/comments?post=34744"}],"version-history":[{"count":4,"href":"https:\/\/www2.bioracer.com\/fr\/wp-json\/wp\/v2\/pages\/34744\/revisions"}],"predecessor-version":[{"id":37066,"href":"https:\/\/www2.bioracer.com\/fr\/wp-json\/wp\/v2\/pages\/34744\/revisions\/37066"}],"wp:attachment":[{"href":"https:\/\/www2.bioracer.com\/fr\/wp-json\/wp\/v2\/media?parent=34744"}],"curies":[{"name":"wp","href":"https:\/\/api.w.org\/{rel}","templated":true}]}}